{"id":17,"date":"2015-05-15T15:09:00","date_gmt":"2015-05-15T15:09:00","guid":{"rendered":"http:\/\/test.kriesi.at\/church\/?page_id=17"},"modified":"2021-03-16T18:16:33","modified_gmt":"2021-03-16T18:16:33","slug":"sermons","status":"publish","type":"page","link":"https:\/\/www.tengounacartaparami.com\/index.php\/sermons\/","title":{"rendered":"\u00bfC\u00f3mo funciona?"},"content":{"rendered":"<div id='av_section_1'  class='avia-section main_color avia-section-large avia-no-shadow  avia-full-stretch av-section-color-overlay-active avia-bg-style-fixed  avia-builder-el-0  el_before_av_section  avia-builder-el-first   container_wrap sidebar_right' style='background-color: #798e34; background-repeat: no-repeat; background-image: url(https:\/\/www.tengounacartaparami.com\/wp-content\/uploads\/2020\/04\/Funcionamiento.jpg);background-attachment: fixed; background-position: bottom center;  '  data-section-bg-repeat='stretch'><div class='av-section-color-overlay-wrap'><div class='av-section-color-overlay' style='opacity: 0.7; background-color: #798e34; '><\/div><div class='container' ><main  role=\"main\" itemprop=\"mainContentOfPage\"  class='template-page content  av-content-small alpha units'><div class='post-entry post-entry-type-page post-entry-17'><div class='entry-content-wrapper clearfix'>\n<div  style='padding-bottom:0px; color:#ffffff;font-size:50px;' class='av-special-heading av-special-heading-h3 custom-color-heading blockquote modern-quote modern-centered  avia-builder-el-1  el_before_av_hr  avia-builder-el-first  av-inherit-size '><h3 class='av-special-heading-tag '  itemprop=\"headline\"  >\u00bfC\u00f3mo funciona?<\/h3><div class ='av-subheading av-subheading_below av_custom_color ' style='font-size:15px;'><p>\u00a1Te dejamos una serie de recomendaciones para sacarle el m\u00e1ximo partido a tu carta!<\/p>\n<\/div><div class='special-heading-border'><div class='special-heading-inner-border' style='border-color:#ffffff'><\/div><\/div><\/div>\n<div  style=' margin-top:30px; margin-bottom:30px;'  class='hr hr-custom hr-center hr-icon-yes   avia-builder-el-2  el_after_av_heading  avia-builder-el-last '><span class='hr-inner   inner-border-av-border-thin' style=' width:20%; border-color:rgba(255,255,255,0.76);' ><span class='hr-inner-style'><\/span><\/span><span class='av-seperator-icon' style='color:#ffffff;' aria-hidden='true' data-av_icon='\ue8bf' data-av_iconfont='entypo-fontello'><\/span><span class='hr-inner   inner-border-av-border-thin' style=' width:20%; border-color:rgba(255,255,255,0.76);' ><span class='hr-inner-style'><\/span><\/span><\/div>\n<\/div><\/div><\/main><!-- close content main element --><\/div><\/div><\/div><div id='av_section_2'  class='avia-section main_color avia-section-default avia-no-border-styling  avia-bg-style-scroll  avia-builder-el-3  el_after_av_section  avia-builder-el-last   container_wrap sidebar_right' style=' '  ><div class='container' ><div class='template-page content  av-content-small alpha units'><div class='post-entry post-entry-type-page post-entry-17'><div class='entry-content-wrapper clearfix'>\n<div class=\"flex_column av_one_full  flex_column_div first  avia-builder-el-4  avia-builder-el-no-sibling  \" style='margin-top:-90px; margin-bottom:0px; padding:30px; background-color:#ffffff; border-radius:0px; '><section class=\"av_textblock_section \"  itemscope=\"itemscope\" itemtype=\"https:\/\/schema.org\/CreativeWork\" ><div class='avia_textblock  '   itemprop=\"text\" ><h1>Introducci\u00f3n: pasado<\/h1>\n<p>Uno no siempre tiene un momento para reflexionar. Parece que todo vuela y que, si te paras, vas a perder un tren que ni siquiera sabes de d\u00f3nde sale ni a d\u00f3nde te llevar\u00e1. Sin embargo, en ocasiones podemos encontrar momentos de tranquilidad, de paz, de pausa, y de hecho necesitamos buscarlos, a veces hasta crearlos para poder reflexionar, reunirnos con nosotros mismos y mirar el sendero recorrido.<\/p>\n<p>Consideramos que no hay mejor forma de hacerlo que escribir al futuro, m\u00e1s concretamente a tu yo del futuro. Hablarle sobre todo aquello que nos preocupa y que nos gustar\u00eda alcanzar, \u00bfpodr\u00eda ayudarnos a lograr nuestros objetivos?<\/p>\n<p>\u00bfPreparado\\a?<\/p>\n<p>Vas a recorrer dos a\u00f1os de tu vida \u00bfQu\u00e9 te parece si comenzamos visitando a tu yo de hace un a\u00f1o? Nunca est\u00e1 de m\u00e1s saber de d\u00f3nde venimos, echar la vista atr\u00e1s y preguntarnos c\u00f3mo hemos llegado hasta aqu\u00ed. S\u00f3lo as\u00ed podremos saber hacia d\u00f3nde dirigirnos.<\/p>\n<p><em>\u201cQuiz\u00e1 la m\u00e1s grande lecci\u00f3n de la historia es que nadie aprendi\u00f3 las lecciones de la historia\u201d Aldoux Huxley.<\/em><\/p>\n<p>Te proponemos algunas preguntas para comenzar:<\/p>\n<ul>\n<li><strong>\u00bfD\u00f3nde estabas hace un a\u00f1o?<\/strong><\/li>\n<li><strong>\u00bfCu\u00e1l era tu mayor preocupaci\u00f3n?<\/strong><\/li>\n<li><strong>\u00bfQu\u00e9 objetivos y prop\u00f3sitos ten\u00edas? \u00bfSe cumplieron algunos? \u00bfHoy sigues teniendo los mismos?<\/strong><\/li>\n<li><strong>\u00bfQu\u00e9 cosas piensas que han cambiado a peor? \u00bfY a mejor?<\/strong><\/li>\n<\/ul>\n<p>Quiz\u00e1s te sorprendas\u2026.<\/p>\n<h1>Nudo: presente<\/h1>\n<p>Presente. Vivimos tiempos raros, sumidos en incertidumbres hasta ahora desconocidas para la poblaci\u00f3n mundial y que requieren cambiar y adaptarse a m\u00e1s velocidad de la que ha sido necesaria nunca. Qui\u00e9n sabe, quiz\u00e1s dentro de un a\u00f1o muchas cosas habr\u00e1n cambiado para siempre.<\/p>\n<p>Por lo pronto el \u00faltimo a\u00f1o nos ha hecho seguro mirar la vida desde otro punto de vista. Como si llev\u00e1semos unas gafas de sol que no nos dejaban ver la importancia de los peque\u00f1os detalles; algo que siempre se dice pero de lo que s\u00f3lo somos conscientes en ciertos momentos de nuestras vidas. \u00bfEs posible que a cada a\u00f1o que pase valoremos m\u00e1s lo m\u00e1s sencillo de la vida? Los amigos, tomar una cerveza fr\u00eda en una terraza, a la familia cercana&#8230;<\/p>\n<p>Este apartado es para hacer una fotograf\u00eda del presente. Cuando pasen los a\u00f1os, agradecer\u00e1s revivir c\u00f3mo estabas en estos instantes y los cambios que se han producido.<\/p>\n<ul>\n<li><strong>\u00bfD\u00f3nde estabas cuando estall\u00f3 la crisis del coronavirus? \u00bfC\u00f3mo fueron esos meses y recobrar una extra\u00f1a \u00abnormalidad\u00bb?<\/strong><\/li>\n<li><strong>\u00bfCu\u00e1les est\u00e1n siendo los principales dilemas de tu vida presente? Siempre se puede sacar algo bueno \u00bfqu\u00e9 crees que puede ser? \u00bfHas vivido alg\u00fan momento especial que te haya puesto los pelos de punta?<\/strong><\/li>\n<li><strong>\u00bfQu\u00e9 es lo que m\u00e1s echas de menos en este momento que has tenido en otro? \u00bfQu\u00e9 te gustar\u00eda hacer cuando la situaci\u00f3n sanitaria haya vuelto a la aut\u00e9ntica normalidad?<\/strong><\/li>\n<li><strong>Cualquier otra cosa que te pase por la cabeza \ud83d\ude42<\/strong><\/li>\n<\/ul>\n<h1>Desenlace: futuro<\/h1>\n<p>Completados los pasos anteriores, ya tenemos la fotograf\u00eda. El \u00faltimo reto es hablarle a ese yo de dentro de unos a\u00f1os. Ahora puedes mandarte un verdadero mensaje, un mensaje poderoso que viaje en el tiempo.<\/p>\n<ul>\n<li><strong>\u00bfQu\u00e9 cosas te gustar\u00eda cambiar o seguir mejorando en tu vida?<\/strong><\/li>\n<li><strong>\u00bfQu\u00e9 aspectos quieres que permanezcan igual y debes esforzarte por no descuidar?<\/strong><\/li>\n<li><strong>Somos de la opini\u00f3n que uno va modificando sus sue\u00f1os. \u00bfCu\u00e1les son tus sue\u00f1os para dentro de un a\u00f1o? \u00bfQu\u00e9 te gustar\u00eda conseguir? A lo mejor te das cuenta dentro de un a\u00f1o de que tus aspiraciones han cambiado, lo cual no ser\u00eda necesariamente malo. Nunca lo sabr\u00e1s si no puedes comparar.<\/strong><\/li>\n<li><strong>\u00bfTe gustar\u00eda a\u00f1adir alg\u00fan h\u00e1bito a tu estilo de vida?<\/strong><\/li>\n<li><strong>\u00bfAlg\u00fan plan para con tus amigos y familia?<\/strong><\/li>\n<li><strong>\u00bfC\u00f3mo est\u00e1s en el amor? \u00bfCon tus amigos? \u00bfEn el trabajo?<\/strong><\/li>\n<\/ul>\n<p>Por \u00faltimo, no te olvides de dar las gracias a alg\u00fan familiar, a alg\u00fan amigo o a la vida.<\/p>\n<p><strong>Quiero dar a gracias a . . . porque . . .<\/strong><\/p>\n<p>Nos vemos dentro de un a\u00f1o.<\/p>\n<p>Un abrazo,<\/p>\n<p>El equipo de Tengo una carta para m\u00ed.<\/p>\n<\/div><\/section><br \/>\n<div  style=' margin-top:30px; margin-bottom:30px;'  class='hr hr-custom hr-center hr-icon-yes   avia-builder-el-6  el_after_av_textblock  avia-builder-el-last '><span class='hr-inner   inner-border-av-border-thin' style=' width:20%;' ><span class='hr-inner-style'><\/span><\/span><span class='av-seperator-icon'  aria-hidden='true' data-av_icon='\ue8bf' data-av_iconfont='entypo-fontello'><\/span><span class='hr-inner   inner-border-av-border-thin' style=' width:20%;' ><span class='hr-inner-style'><\/span><\/span><\/div><\/p><\/div><\/div><\/div><\/div><!-- close content main div --><\/div><\/div><div id='after_section_2'  class='main_color av_default_container_wrap container_wrap sidebar_right' style=' '  ><div class='container' ><div class='template-page content  av-content-small alpha units'><div class='post-entry post-entry-type-page post-entry-17'><div class='entry-content-wrapper clearfix'><\/p>\n","protected":false},"excerpt":{"rendered":"","protected":false},"author":1,"featured_media":0,"parent":0,"menu_order":0,"comment_status":"open","ping_status":"open","template":"","meta":{"footnotes":""},"class_list":["post-17","page","type-page","status-publish","hentry"],"_links":{"self":[{"href":"https:\/\/www.tengounacartaparami.com\/index.php\/wp-json\/wp\/v2\/pages\/17","targetHints":{"allow":["GET"]}}],"collection":[{"href":"https:\/\/www.tengounacartaparami.com\/index.php\/wp-json\/wp\/v2\/pages"}],"about":[{"href":"https:\/\/www.tengounacartaparami.com\/index.php\/wp-json\/wp\/v2\/types\/page"}],"author":[{"embeddable":true,"href":"https:\/\/www.tengounacartaparami.com\/index.php\/wp-json\/wp\/v2\/users\/1"}],"replies":[{"embeddable":true,"href":"https:\/\/www.tengounacartaparami.com\/index.php\/wp-json\/wp\/v2\/comments?post=17"}],"version-history":[{"count":18,"href":"https:\/\/www.tengounacartaparami.com\/index.php\/wp-json\/wp\/v2\/pages\/17\/revisions"}],"predecessor-version":[{"id":1217,"href":"https:\/\/www.tengounacartaparami.com\/index.php\/wp-json\/wp\/v2\/pages\/17\/revisions\/1217"}],"wp:attachment":[{"href":"https:\/\/www.tengounacartaparami.com\/index.php\/wp-json\/wp\/v2\/media?parent=17"}],"curies":[{"name":"wp","href":"https:\/\/api.w.org\/{rel}","templated":true}]}}