{"id":713,"date":"2020-04-08T09:50:45","date_gmt":"2020-04-08T09:50:45","guid":{"rendered":"https:\/\/www.tengounacartaparami.com\/?page_id=713"},"modified":"2020-04-11T16:09:19","modified_gmt":"2020-04-11T16:09:19","slug":"como-funciona","status":"publish","type":"page","link":"https:\/\/www.tengounacartaparami.com\/index.php\/como-funciona\/","title":{"rendered":"\u00bfPor qu\u00e9 hacemos esto?"},"content":{"rendered":"<div id='av_section_1'  class='avia-section main_color avia-section-default avia-no-border-styling  av-section-color-overlay-active avia-bg-style-scroll  avia-builder-el-0  el_before_av_section  avia-builder-el-first   av-mini-hide av-minimum-height av-minimum-height-100  container_wrap sidebar_right' style='background-repeat: no-repeat; background-image: url(https:\/\/www.tengounacartaparami.com\/wp-content\/uploads\/2020\/04\/cartas.jpg);background-attachment: scroll; background-position: top left;  '  data-section-bg-repeat='no-repeat' data-av_minimum_height_pc='100'><div class='av-section-color-overlay-wrap'><div class='av-section-color-overlay' style='opacity: 0.8; background-color: #7a8e35; '><\/div><div class='container' ><main  role=\"main\" itemprop=\"mainContentOfPage\"  class='template-page content  av-content-small alpha units'><div class='post-entry post-entry-type-page post-entry-713'><div class='entry-content-wrapper clearfix'>\n<div class=\"flex_column av_three_fourth  flex_column_div first  avia-builder-el-1  el_before_av_one_fourth  avia-builder-el-first  \" ><p><div  style='text-align:left; color:#ffffff; font-size:63px; margin:0 0 0 0; ' class='av-rotator-container av-rotation-container-left   avia-builder-el-2  el_before_av_hr  avia-builder-el-first ' data-interval='3' data-animation='1'><h2 class='av-rotator-container-inner '>\u00bfPOR QU\u00c9 HACEMOS ESTO?<span class='av-rotator-text av-rotator-multiline-on '>\n<span style='color:#3d490e; ' class='av-rotator-text-single av-rotator-text-single-1'>EL ORIGEN<\/span>\n<span style='color:#3d490e; ' class='av-rotator-text-single av-rotator-text-single-2'>\u00bfQUI\u00c9NES SOMOS?<\/span>\n<span style='color:#3d490e; ' class='av-rotator-text-single av-rotator-text-single-3'>NUESTRA IDEA<\/span>\n<\/span><\/h2><\/div><br \/>\n<div  style=' margin-top:40px; margin-bottom:40px;'  class='hr hr-custom hr-left hr-icon-no   avia-builder-el-3  el_after_av_headline_rotator  avia-builder-el-last '><span class='hr-inner   inner-border-av-border-fat' style=' width:50px; border-color:#ffffff;' ><span class='hr-inner-style'><\/span><\/span><\/div><\/p><\/div><div class=\"flex_column av_one_fourth  flex_column_div   avia-builder-el-4  el_after_av_three_fourth  avia-builder-el-last  \" ><p><div  style='height:50px' class='hr hr-invisible   avia-builder-el-5  el_before_av_font_icon  avia-builder-el-first '><span class='hr-inner ' ><span class='hr-inner-style'><\/span><\/span><\/div><br \/>\n<span  class=\"av_font_icon avia_animate_when_visible avia-icon-animate  av-icon-style-border  avia-icon-pos-center \" style=\"color:#ffffff; border-color:#ffffff;\"><a href='https:\/\/www.youtube.com\/watch?v=jsbiqZmyMbs&feature=youtu.be'   class='av-icon-char' style='font-size:40px;line-height:40px;width:40px;' aria-hidden='true' data-av_icon='\ue897' data-av_iconfont='entypo-fontello' data-avia-icon-tooltip=\"&lt;br \/&gt;\nVer v\u00eddeo explicativo&lt;br \/&gt;\n\"><\/a><\/span><\/p><\/div>\n\n<\/div><\/div><\/main><!-- close content main element --><\/div><\/div><\/div><div id='av_section_2'  class='avia-section main_color avia-section-default avia-no-border-styling  av-section-color-overlay-active avia-bg-style-scroll  avia-builder-el-7  el_after_av_section  el_before_av_section   av-desktop-hide av-medium-hide av-small-hide av-minimum-height av-minimum-height-100  container_wrap sidebar_right' style='background-repeat: no-repeat; background-image: url(https:\/\/www.tengounacartaparami.com\/wp-content\/uploads\/2020\/04\/cartas-845x684.jpg);background-attachment: scroll; background-position: top left;  '  data-section-bg-repeat='no-repeat' data-av_minimum_height_pc='100'><div class='av-section-color-overlay-wrap'><div class='av-section-color-overlay' style='opacity: 0.8; background-color: #7a8e35; '><\/div><div class='container' ><div class='template-page content  av-content-small alpha units'><div class='post-entry post-entry-type-page post-entry-713'><div class='entry-content-wrapper clearfix'>\n<div class=\"flex_column av_three_fourth  flex_column_div first  avia-builder-el-8  el_before_av_one_fourth  avia-builder-el-first  \" ><p><div  style='text-align:left; color:#ffffff; font-size:63px; margin:0 0 0 0; ' class='av-rotator-container av-rotation-container-left   avia-builder-el-9  el_before_av_hr  avia-builder-el-first ' data-interval='3' data-animation='1'><h2 class='av-rotator-container-inner '>\u00bfPOR QU\u00c9 HACEMOS ESTO?<span class='av-rotator-text av-rotator-multiline-on '><\/span><\/h2><\/div><br \/>\n<div  style=' margin-top:40px; margin-bottom:40px;'  class='hr hr-custom hr-left hr-icon-no   avia-builder-el-10  el_after_av_headline_rotator  avia-builder-el-last '><span class='hr-inner   inner-border-av-border-fat' style=' width:50px; border-color:#ffffff;' ><span class='hr-inner-style'><\/span><\/span><\/div><\/p><\/div><div class=\"flex_column av_one_fourth  flex_column_div   avia-builder-el-11  el_after_av_three_fourth  avia-builder-el-last  \" ><p><div  style='height:50px' class='hr hr-invisible   avia-builder-el-12  el_before_av_font_icon  avia-builder-el-first '><span class='hr-inner ' ><span class='hr-inner-style'><\/span><\/span><\/div><br \/>\n<span  class=\"av_font_icon avia_animate_when_visible avia-icon-animate  av-icon-style-border  avia-icon-pos-center \" style=\"color:#ffffff; border-color:#ffffff;\"><a href='https:\/\/www.youtube.com\/watch?v=jsbiqZmyMbs&feature=youtu.be'   class='av-icon-char' style='font-size:40px;line-height:40px;width:40px;' aria-hidden='true' data-av_icon='\ue897' data-av_iconfont='entypo-fontello' data-avia-icon-tooltip=\"&lt;br \/&gt;\nVer v\u00eddeo explicativo&lt;br \/&gt;\n\"><\/a><\/span><\/p><\/div>\n\n<\/div><\/div><\/div><!-- close content main div --><\/div><\/div><\/div><div id='av_section_3'  class='avia-section main_color avia-section-default avia-no-border-styling  avia-bg-style-scroll  avia-builder-el-14  el_after_av_section  avia-builder-el-last   container_wrap sidebar_right' style=' '  ><div class='container' ><div class='template-page content  av-content-small alpha units'><div class='post-entry post-entry-type-page post-entry-713'><div class='entry-content-wrapper clearfix'>\n<div class=\"flex_column av_one_full  flex_column_div first  avia-builder-el-15  avia-builder-el-no-sibling  \" style='margin-top:-90px; margin-bottom:0px; padding:30px; background-color:#ffffff; border-radius:0px; '><p><section class=\"av_textblock_section \"  itemscope=\"itemscope\" itemtype=\"https:\/\/schema.org\/CreativeWork\" ><div class='avia_textblock  av_inherit_color '  style='color:#1e1714; '  itemprop=\"text\" ><p>Hola,<\/p>\n<p>Lo primero, desde el equipo de \u201c<em>tengo una carta para mi\u201d<\/em> esperamos que tanto t\u00fa como tu gente est\u00e9is bien.<\/p>\n<p>El equipo lo formamos Fer Javi y Miguel y quer\u00edamos explicarte el porqu\u00e9 de esta iniciativa.<\/p>\n<p><strong>\u00bfPor qu\u00e9 lo hacemos?<\/strong><\/p>\n<p>Creemos firmemente que las cartas al futuro son una herramienta muy poderosa para reflexionar y repensar. Estos d\u00edas, con todo lo que est\u00e1 provocando el coronavirus, consideramos que es m\u00e1s importante que nunca pararse un momento a reflexionar de d\u00f3nde venimos, d\u00f3nde estamos y qu\u00e9 ser\u00e1 de nosotros.<\/p>\n<p>Cada vez que Miguel se manda uno de sus mensajes a su yo del futuro tiene mucho cuidado de guardar bien su texto por dos razones:<\/p>\n<ol>\n<li>No perder esa informaci\u00f3n tan valiosa<\/li>\n<li>No estar mirando cada semana la carta (la experiencia no ser\u00eda la misma)<\/li>\n<\/ol>\n<p>Esta web automatiza todo ese proceso, facilitando y maximizando la experiencia.<\/p>\n<p>Y&#8230;Bueno, tambi\u00e9n es que tenemos mucho tiempo libre de confinamiento.<\/p>\n<p><strong>Entonces, \u00bfes gratis?<\/strong><\/p>\n<p>Es y ser\u00e1 totalmente gratis.<\/p>\n<p>Nosotros queremos que sea una iniciativa m\u00e1s que ayude a las personas en estos tiempos tan complejos. Si cuaja la idea, podemos plantear recibir donaciones para mantener la p\u00e1gina o para mantener nuestros techos y as\u00ed quedarnos en casa en futuras pandemias :).<\/p>\n<p>En cualquier caso, es y ser\u00e1 una iniciativa que debe permanecer gratuita.<\/p>\n<p><strong>\u00bfDe d\u00f3nde viene esta idea?<\/strong><\/p>\n<p>Lo de las cartas al futuro no es nada nuevo, no hemos descubierto la p\u00f3lvora. Este recurso lo utilizan algunas pel\u00edculas como Boyhood o Mi vida sin m\u00ed. Si bien resalta aun m\u00e1s en el caso de la serie \u201cC\u00f3mo conoc\u00ed a vuestra madre\u201d.<\/p>\n<p>En este sentido, a Javi le marc\u00f3 especialmente un cap\u00edtulo de esta serie (T.5 Cap. 10) donde un personaje, Marshall, recibe una carta de su yo del pasado; raz\u00f3n por la cual decide escribir a su yo del futuro. All\u00e1 por 2014 a Javi le impresion\u00f3 la idea por lo que decidi\u00f3 mantener ese h\u00e1bito de capturar y reflexionar sobre el presente, para aprender y no olvidar el futuro. Siempre se puede sacar algo bueno de tu yo de hace un a\u00f1o.<\/p>\n<p>Por otro lado, Miguel siempre ha tenido esa especie de obsesi\u00f3n con el futuro y las c\u00e1psulas del tiempo. Desde los 16 a\u00f1os le apasiona hacer escritos para luego, pasados los a\u00f1os, ver qu\u00e9 aspectos de su vida han cambiado y cu\u00e1les permanecen inalterables. De hecho, en la actualidad realiza videos con frecuencia que va guardando para verlos en 30 a\u00f1os o, si es el caso, poder ense\u00f1\u00e1rselos a sus hijos. En 2016 plante\u00f3 una idea semejante a la de esta web pero no termin\u00f3 por dar el salto a la piscina.<\/p>\n<p><span style=\"font-weight: 400;\">Por su parte, Fer plante\u00f3 lo siguiente: si esta idea de ponerse en contacto con tu \u201cyo\u201d futuro ten\u00eda cabida y posibilidades en alg\u00fan momento, ese es ahora. Las piezas estaban ah\u00ed; la pasi\u00f3n por escribir, ese tiempo que tanto nos falta en otras ocasiones, y la posibilidad de dedic\u00e1rselo a uno mismo con alg\u00fan tipo de actividad. Y fue Fer qui\u00e9n decidi\u00f3 juntarlas. Se puso en contacto con Javi y Miguel para juntos dar el paso, ponerse frente al papel, y darle forma a ese puzzle.\u00a0 Y de esta forma naci\u00f3 \u201cTengo una carta para mi\u201d<\/span><\/p>\n<\/div><\/section><br \/>\n<div  style=' margin-top:30px; margin-bottom:30px;'  class='hr hr-custom hr-center hr-icon-yes   avia-builder-el-17  el_after_av_textblock  avia-builder-el-last '><span class='hr-inner   inner-border-av-border-thin' style=' width:20%;' ><span class='hr-inner-style'><\/span><\/span><span class='av-seperator-icon'  aria-hidden='true' data-av_icon='\ue8bf' data-av_iconfont='entypo-fontello'><\/span><span class='hr-inner   inner-border-av-border-thin' style=' width:20%;' ><span class='hr-inner-style'><\/span><\/span><\/div><\/p><\/div><\/div><\/div><\/div><!-- close content main div --><\/div><\/div><div id='after_section_3'  class='main_color av_default_container_wrap container_wrap sidebar_right' style=' '  ><div class='container' ><div class='template-page content  av-content-small alpha units'><div class='post-entry post-entry-type-page post-entry-713'><div class='entry-content-wrapper clearfix'>\n","protected":false},"excerpt":{"rendered":"","protected":false},"author":1,"featured_media":0,"parent":0,"menu_order":0,"comment_status":"open","ping_status":"closed","template":"","meta":{"footnotes":""},"class_list":["post-713","page","type-page","status-publish","hentry"],"_links":{"self":[{"href":"https:\/\/www.tengounacartaparami.com\/index.php\/wp-json\/wp\/v2\/pages\/713","targetHints":{"allow":["GET"]}}],"collection":[{"href":"https:\/\/www.tengounacartaparami.com\/index.php\/wp-json\/wp\/v2\/pages"}],"about":[{"href":"https:\/\/www.tengounacartaparami.com\/index.php\/wp-json\/wp\/v2\/types\/page"}],"author":[{"embeddable":true,"href":"https:\/\/www.tengounacartaparami.com\/index.php\/wp-json\/wp\/v2\/users\/1"}],"replies":[{"embeddable":true,"href":"https:\/\/www.tengounacartaparami.com\/index.php\/wp-json\/wp\/v2\/comments?post=713"}],"version-history":[{"count":39,"href":"https:\/\/www.tengounacartaparami.com\/index.php\/wp-json\/wp\/v2\/pages\/713\/revisions"}],"predecessor-version":[{"id":951,"href":"https:\/\/www.tengounacartaparami.com\/index.php\/wp-json\/wp\/v2\/pages\/713\/revisions\/951"}],"wp:attachment":[{"href":"https:\/\/www.tengounacartaparami.com\/index.php\/wp-json\/wp\/v2\/media?parent=713"}],"curies":[{"name":"wp","href":"https:\/\/api.w.org\/{rel}","templated":true}]}}