{"id":765,"date":"2020-04-08T12:00:18","date_gmt":"2020-04-08T12:00:18","guid":{"rendered":"https:\/\/www.tengounacartaparami.com\/?page_id=765"},"modified":"2020-04-10T22:30:40","modified_gmt":"2020-04-10T22:30:40","slug":"como-hacemos-esto","status":"publish","type":"page","link":"https:\/\/www.tengounacartaparami.com\/index.php\/como-hacemos-esto\/","title":{"rendered":"\u00bfC\u00f3mo hacemos esto?"},"content":{"rendered":"<div id='av_section_1'  class='avia-section main_color avia-section-default avia-no-border-styling  av-section-color-overlay-active avia-bg-style-scroll  avia-builder-el-0  el_before_av_section  avia-builder-el-first   av-mini-hide av-minimum-height av-minimum-height-100  container_wrap sidebar_right' style='background-repeat: no-repeat; background-image: url(https:\/\/www.tengounacartaparami.com\/wp-content\/uploads\/2020\/04\/cartas.jpg);background-attachment: scroll; background-position: top left;  '  data-section-bg-repeat='no-repeat' data-av_minimum_height_pc='100'><div class='av-section-color-overlay-wrap'><div class='av-section-color-overlay' style='opacity: 0.8; background-color: #7a8e35; '><\/div><div class='container' ><main  role=\"main\" itemprop=\"mainContentOfPage\"  class='template-page content  av-content-small alpha units'><div class='post-entry post-entry-type-page post-entry-765'><div class='entry-content-wrapper clearfix'>\n<div class=\"flex_column av_three_fourth  flex_column_div first  avia-builder-el-1  el_before_av_one_fourth  avia-builder-el-first  \" ><p><div  style='text-align:left; color:#ffffff; font-size:63px; margin:0 0 0 0; ' class='av-rotator-container av-rotation-container-left   avia-builder-el-2  el_before_av_hr  avia-builder-el-first ' data-interval='3' data-animation='1'><h2 class='av-rotator-container-inner '>\u00bfC\u00d3MO HACEMOS ESTO?<span class='av-rotator-text av-rotator-multiline-on '>\n<span style='color:#3d490e; ' class='av-rotator-text-single av-rotator-text-single-1'>SEGURIDAD<\/span>\n<span style='color:#3d490e; ' class='av-rotator-text-single av-rotator-text-single-2'>CONFIDENCIALIDAD<\/span>\n<span style='color:#3d490e; ' class='av-rotator-text-single av-rotator-text-single-3'>COMPROMISO<\/span>\n<\/span><\/h2><\/div><br \/>\n<div  style=' margin-top:40px; margin-bottom:40px;'  class='hr hr-custom hr-left hr-icon-no   avia-builder-el-3  el_after_av_headline_rotator  avia-builder-el-last '><span class='hr-inner   inner-border-av-border-fat' style=' width:50px; border-color:#ffffff;' ><span class='hr-inner-style'><\/span><\/span><\/div><\/p><\/div><div class=\"flex_column av_one_fourth  flex_column_div   avia-builder-el-4  el_after_av_three_fourth  avia-builder-el-last  \" ><p><div  style='height:50px' class='hr hr-invisible   avia-builder-el-5  el_before_av_font_icon  avia-builder-el-first '><span class='hr-inner ' ><span class='hr-inner-style'><\/span><\/span><\/div><br \/>\n<span  class=\"av_font_icon avia_animate_when_visible avia-icon-animate  av-icon-style-border  avia-icon-pos-center \" style=\"color:#ffffff; border-color:#ffffff;\"><a href='https:\/\/www.youtube.com\/watch?v=jsbiqZmyMbs&feature=youtu.be'   class='av-icon-char' style='font-size:40px;line-height:40px;width:40px;' aria-hidden='true' data-av_icon='\ue897' data-av_iconfont='entypo-fontello' data-avia-icon-tooltip=\"&lt;br \/&gt;\nVer v\u00eddeo explicativo&lt;br \/&gt;\n\"><\/a><\/span><\/p><\/div><\/div><\/div><\/main><!-- close content main element --><\/div><\/div><\/div><div id='av_section_2'  class='avia-section main_color avia-section-default avia-no-border-styling  av-section-color-overlay-active avia-bg-style-scroll  avia-builder-el-7  el_after_av_section  el_before_av_section   av-desktop-hide av-medium-hide av-small-hide av-minimum-height av-minimum-height-100  container_wrap sidebar_right' style='background-repeat: no-repeat; background-image: url(https:\/\/www.tengounacartaparami.com\/wp-content\/uploads\/2020\/04\/cartas-845x684.jpg);background-attachment: scroll; background-position: top left;  '  data-section-bg-repeat='no-repeat' data-av_minimum_height_pc='100'><div class='av-section-color-overlay-wrap'><div class='av-section-color-overlay' style='opacity: 0.8; background-color: #7a8e35; '><\/div><div class='container' ><div class='template-page content  av-content-small alpha units'><div class='post-entry post-entry-type-page post-entry-765'><div class='entry-content-wrapper clearfix'>\n<div class=\"flex_column av_three_fourth  flex_column_div first  avia-builder-el-8  el_before_av_one_fourth  avia-builder-el-first  \" ><p><div  style='text-align:left; color:#ffffff; font-size:63px; margin:0 0 0 0; ' class='av-rotator-container av-rotation-container-left   avia-builder-el-9  el_before_av_hr  avia-builder-el-first ' data-interval='3' data-animation='1'><h2 class='av-rotator-container-inner '>\u00bfC\u00d3MO HACEMOS ESTO?<span class='av-rotator-text av-rotator-multiline-on '><\/span><\/h2><\/div><br \/>\n<div  style=' margin-top:40px; margin-bottom:40px;'  class='hr hr-custom hr-left hr-icon-no   avia-builder-el-10  el_after_av_headline_rotator  avia-builder-el-last '><span class='hr-inner   inner-border-av-border-fat' style=' width:50px; border-color:#ffffff;' ><span class='hr-inner-style'><\/span><\/span><\/div><\/p><\/div><div class=\"flex_column av_one_fourth  flex_column_div   avia-builder-el-11  el_after_av_three_fourth  avia-builder-el-last  \" ><p><div  style='height:50px' class='hr hr-invisible   avia-builder-el-12  el_before_av_font_icon  avia-builder-el-first '><span class='hr-inner ' ><span class='hr-inner-style'><\/span><\/span><\/div><br \/>\n<span  class=\"av_font_icon avia_animate_when_visible avia-icon-animate  av-icon-style-border  avia-icon-pos-center \" style=\"color:#ffffff; border-color:#ffffff;\"><a href='https:\/\/www.youtube.com\/watch?v=jsbiqZmyMbs&feature=youtu.be'   class='av-icon-char' style='font-size:40px;line-height:40px;width:40px;' aria-hidden='true' data-av_icon='\ue897' data-av_iconfont='entypo-fontello' data-avia-icon-tooltip=\"&lt;br \/&gt;\nVer v\u00eddeo explicativo&lt;br \/&gt;\n\"><\/a><\/span><\/p><\/div><\/div><\/div><\/div><!-- close content main div --><\/div><\/div><\/div><div id='av_section_3'  class='avia-section main_color avia-section-default avia-no-border-styling  avia-bg-style-scroll  avia-builder-el-14  el_after_av_section  avia-builder-el-last   container_wrap sidebar_right' style=' '  ><div class='container' ><div class='template-page content  av-content-small alpha units'><div class='post-entry post-entry-type-page post-entry-765'><div class='entry-content-wrapper clearfix'>\n<div class=\"flex_column av_one_full  flex_column_div first  avia-builder-el-15  avia-builder-el-no-sibling  \" style='margin-top:-90px; margin-bottom:0px; padding:30px; background-color:#ffffff; border-radius:0px; '><p><section class=\"av_textblock_section \"  itemscope=\"itemscope\" itemtype=\"https:\/\/schema.org\/CreativeWork\" ><div class='avia_textblock  av_inherit_color '  style='color:#1e1714; '  itemprop=\"text\" ><p>Hola,<\/p>\n<p>En \u201ctengo una carta para mi\u201d nos gusta hacer las cosas bien.<\/p>\n<p>Es por ello que queremos dejar claro que NI tus datos NI tu carta ser\u00e1n utilizados para fines comerciales o il\u00edcitos. Nosotros seguimos la normativa vigente en materia de protecci\u00f3n de datos personales y de garant\u00eda de derechos digitales (LO 3\/2018).<\/p>\n<p>De hecho, conforme al principio de minimizaci\u00f3n de datos, queremos conservar tu privacidad y s\u00f3lo te pediremos uncorreo electr\u00f3nico (para que podamos enviar tu carta 365 d\u00edas despu\u00e9s) y un nombre (tambi\u00e9n nos vale un pseud\u00f3nimo si lo prefieres). Nada m\u00e1s.<\/p>\n<p>Por \u00faltimo, en \u201ctengo una carta para m\u00ed\u201d siempre recomendamos (para esta web o cualquier otra) leer la <a href=\"https:\/\/www.tengounacartaparami.com\/index.php\/politica-de-cookies\/\">pol\u00edtica de cookies<\/a>, el <a href=\"https:\/\/www.tengounacartaparami.com\/index.php\/aviso-legal\/\">aviso legal<\/a> y la <a href=\"https:\/\/www.tengounacartaparami.com\/index.php\/politica-de-privacidad\/\">pol\u00edtica de privacidad<\/a> ya que contiene informaci\u00f3n relevante sobre tus derechos en materia de datos.<\/p>\n<p>Esperamos que tanto t\u00fa y los tuyos est\u00e9is bien,<\/p>\n<p>El equipo de <em>tengo una carta para mi<\/em><\/p>\n<\/div><\/section><br \/>\n<div  style=' margin-top:30px; margin-bottom:30px;'  class='hr hr-custom hr-center hr-icon-yes   avia-builder-el-17  el_after_av_textblock  avia-builder-el-last '><span class='hr-inner   inner-border-av-border-thin' style=' width:20%;' ><span class='hr-inner-style'><\/span><\/span><span class='av-seperator-icon'  aria-hidden='true' data-av_icon='\ue8bf' data-av_iconfont='entypo-fontello'><\/span><span class='hr-inner   inner-border-av-border-thin' style=' width:20%;' ><span class='hr-inner-style'><\/span><\/span><\/div><\/p><\/div>\n<\/div><\/div><\/div><!-- close content main div --><\/div><\/div><div id='after_section_3'  class='main_color av_default_container_wrap container_wrap sidebar_right' style=' '  ><div class='container' ><div class='template-page content  av-content-small alpha units'><div class='post-entry post-entry-type-page post-entry-765'><div class='entry-content-wrapper clearfix'><\/p>\n","protected":false},"excerpt":{"rendered":"","protected":false},"author":1,"featured_media":0,"parent":0,"menu_order":0,"comment_status":"open","ping_status":"closed","template":"","meta":{"footnotes":""},"class_list":["post-765","page","type-page","status-publish","hentry"],"_links":{"self":[{"href":"https:\/\/www.tengounacartaparami.com\/index.php\/wp-json\/wp\/v2\/pages\/765","targetHints":{"allow":["GET"]}}],"collection":[{"href":"https:\/\/www.tengounacartaparami.com\/index.php\/wp-json\/wp\/v2\/pages"}],"about":[{"href":"https:\/\/www.tengounacartaparami.com\/index.php\/wp-json\/wp\/v2\/types\/page"}],"author":[{"embeddable":true,"href":"https:\/\/www.tengounacartaparami.com\/index.php\/wp-json\/wp\/v2\/users\/1"}],"replies":[{"embeddable":true,"href":"https:\/\/www.tengounacartaparami.com\/index.php\/wp-json\/wp\/v2\/comments?post=765"}],"version-history":[{"count":10,"href":"https:\/\/www.tengounacartaparami.com\/index.php\/wp-json\/wp\/v2\/pages\/765\/revisions"}],"predecessor-version":[{"id":933,"href":"https:\/\/www.tengounacartaparami.com\/index.php\/wp-json\/wp\/v2\/pages\/765\/revisions\/933"}],"wp:attachment":[{"href":"https:\/\/www.tengounacartaparami.com\/index.php\/wp-json\/wp\/v2\/media?parent=765"}],"curies":[{"name":"wp","href":"https:\/\/api.w.org\/{rel}","templated":true}]}}